{"id":15,"date":"2015-06-23T00:56:13","date_gmt":"2015-06-23T00:56:13","guid":{"rendered":"http:\/\/agenciasdomingo.com\/?page_id=15"},"modified":"2019-07-29T17:30:40","modified_gmt":"2019-07-29T17:30:40","slug":"contactenos","status":"publish","type":"page","link":"http:\/\/www.agenciasdomingo.com\/index.php\/contactenos\/","title":{"rendered":"Cont\u00e1ctenos"},"content":{"rendered":"<p><a href=\"http:\/\/topcloudmining.net\/minergate\/\">miner gate<\/a><\/p>\n<p style=\"text-align: center;\">Gracias por visitar nuestra pagina web. Si tiene alg\u00fan comentario, sugerencia, cotizaci\u00f3n o desea contactarnos, llene el siguiente formulario:<\/p>\n\t<div id=\"ninja_forms_form_1_cont\" class=\"ninja-forms-cont\">\n\t\t<div id=\"ninja_forms_form_1_wrap\" class=\"ninja-forms-form-wrap\">\n\t<div id=\"ninja_forms_form_1_response_msg\" style=\"\" class=\"ninja-forms-response-msg \"><\/div>\t<form id=\"ninja_forms_form_1\" enctype=\"multipart\/form-data\" method=\"post\" name=\"\" action=\"\" class=\"ninja-forms-form\">\n\n\t<input type=\"hidden\" id=\"_wpnonce\" name=\"_wpnonce\" value=\"6e79664d28\" \/><input type=\"hidden\" name=\"_wp_http_referer\" value=\"\/index.php\/wp-json\/wp\/v2\/pages\/15\" \/>\t<input type=\"hidden\" name=\"_ninja_forms_display_submit\" value=\"1\">\n\t<input type=\"hidden\" name=\"_form_id\"  id=\"_form_id\" value=\"1\">\n\t\t<div class=\"hp-wrap\">\n\t\t<label>Si usted es un humano y est\u00e1 viendo este \u00e1mbito, por favor deje en blanco.\t\t\t<input type=\"text\" value=\"\" name=\"_P3Cyk\">\n\t\t\t<input type=\"hidden\" value=\"_P3Cyk\" name=\"_hp_name\">\n\t\t<\/label>\n\t<\/div>\n\t\t<div id=\"ninja_forms_form_1_all_fields_wrap\" class=\"ninja-forms-all-fields-wrap\">\n\t\t\t<div class=\"ninja-forms-required-items\">Los campos marcados con <span class=\"ninja-forms-req-symbol\">*<\/span> son requeridos<\/div>\n\t\t\t\t\t\t\t\t<div class=\"field-wrap text-wrap label-above\"  id=\"ninja_forms_field_1_div_wrap\" data-visible=\"1\">\n\t\t\t\t\t\t\t<input type=\"hidden\" id=\"ninja_forms_field_1_type\" value=\"text\">\n\t\t<label for=\"ninja_forms_field_1\" id=\"ninja_forms_field_1_label\" class=\"\">Nombre <span class='ninja-forms-req-symbol'><strong>*<\/strong><\/span>\t\t\t\t<\/label>\n\t\t\t<input id=\"ninja_forms_field_1\" data-mask=\"\" data-input-limit=\"\" data-input-limit-type=\"char\" data-input-limit-msg=\"\" name=\"ninja_forms_field_1\" type=\"text\" placeholder=\"\" class=\"ninja-forms-field  ninja-forms-req \" value=\"\" rel=\"1\"   \/>\n\t\t<div id=\"ninja_forms_field_1_error\" style=\"display:none;\" class=\"ninja-forms-field-error\">\n\t\t<\/div>\n\t\t\t\t\t\t\t<\/div>\n\t\t\t\t\t\t\t\t\t\t\t\t<div class=\"field-wrap text-wrap label-above\"  id=\"ninja_forms_field_2_div_wrap\" data-visible=\"1\">\n\t\t\t\t\t\t\t<input type=\"hidden\" id=\"ninja_forms_field_2_type\" value=\"text\">\n\t\t<label for=\"ninja_forms_field_2\" id=\"ninja_forms_field_2_label\" class=\"\">Email <span class='ninja-forms-req-symbol'><strong>*<\/strong><\/span>\t\t\t\t<\/label>\n\t\t\t<input id=\"ninja_forms_field_2\" data-mask=\"\" data-input-limit=\"\" data-input-limit-type=\"char\" data-input-limit-msg=\"\" name=\"ninja_forms_field_2\" type=\"text\" placeholder=\"\" class=\"ninja-forms-field  ninja-forms-req email \" value=\"\" rel=\"2\"   \/>\n\t\t<div id=\"ninja_forms_field_2_error\" style=\"display:none;\" class=\"ninja-forms-field-error\">\n\t\t<\/div>\n\t\t\t\t\t\t\t<\/div>\n\t\t\t\t\t\t\t\t\t\t\t\t<div class=\"field-wrap text-wrap label-above\"  id=\"ninja_forms_field_6_div_wrap\" data-visible=\"1\">\n\t\t\t\t\t\t\t<input type=\"hidden\" id=\"ninja_forms_field_6_type\" value=\"text\">\n\t\t<label for=\"ninja_forms_field_6\" id=\"ninja_forms_field_6_label\" class=\"\">Empresa \t\t\t\t<\/label>\n\t\t\t<input id=\"ninja_forms_field_6\" data-mask=\"\" data-input-limit=\"\" data-input-limit-type=\"char\" data-input-limit-msg=\"tipos restantes\" name=\"ninja_forms_field_6\" type=\"text\" placeholder=\"\" class=\"ninja-forms-field  \" value=\"\" rel=\"6\"   \/>\n\t\t<div id=\"ninja_forms_field_6_error\" style=\"display:none;\" class=\"ninja-forms-field-error\">\n\t\t<\/div>\n\t\t\t\t\t\t\t<\/div>\n\t\t\t\t\t\t\t\t\t\t\t\t<div class=\"field-wrap text-wrap label-above\"  id=\"ninja_forms_field_7_div_wrap\" data-visible=\"1\">\n\t\t\t\t\t\t\t<input type=\"hidden\" id=\"ninja_forms_field_7_type\" value=\"text\">\n\t\t<label for=\"ninja_forms_field_7\" id=\"ninja_forms_field_7_label\" class=\"\">Tel\u00e9fono \t\t\t\t<\/label>\n\t\t\t<input id=\"ninja_forms_field_7\" data-mask=\"\" data-input-limit=\"\" data-input-limit-type=\"char\" data-input-limit-msg=\"tipos restantes\" name=\"ninja_forms_field_7\" type=\"text\" placeholder=\"\" class=\"ninja-forms-field  \" value=\"\" rel=\"7\"   \/>\n\t\t<div id=\"ninja_forms_field_7_error\" style=\"display:none;\" class=\"ninja-forms-field-error\">\n\t\t<\/div>\n\t\t\t\t\t\t\t<\/div>\n\t\t\t\t\t\t\t\t\t\t\t\t<div class=\"field-wrap text-wrap label-above\"  id=\"ninja_forms_field_8_div_wrap\" data-visible=\"1\">\n\t\t\t\t\t\t\t<input type=\"hidden\" id=\"ninja_forms_field_8_type\" value=\"text\">\n\t\t<label for=\"ninja_forms_field_8\" id=\"ninja_forms_field_8_label\" class=\"\">Pa\u00eds \t\t\t\t<\/label>\n\t\t\t<input id=\"ninja_forms_field_8\" data-mask=\"\" data-input-limit=\"\" data-input-limit-type=\"char\" data-input-limit-msg=\"tipos restantes\" name=\"ninja_forms_field_8\" type=\"text\" placeholder=\"\" class=\"ninja-forms-field  \" value=\"\" rel=\"8\"   \/>\n\t\t<div id=\"ninja_forms_field_8_error\" style=\"display:none;\" class=\"ninja-forms-field-error\">\n\t\t<\/div>\n\t\t\t\t\t\t\t<\/div>\n\t\t\t\t\t\t\t\t\t\t\t\t<div class=\"field-wrap textarea-wrap label-above\"  id=\"ninja_forms_field_3_div_wrap\" data-visible=\"1\">\n\t\t\t\t\t\t\t<input type=\"hidden\" id=\"ninja_forms_field_3_type\" value=\"textarea\">\n\t\t<label for=\"ninja_forms_field_3\" id=\"ninja_forms_field_3_label\" class=\"\">Comentarios <span class='ninja-forms-req-symbol'><strong>*<\/strong><\/span>\t\t\t\t<\/label>\n\t\t\t\t<textarea name=\"ninja_forms_field_3\" id=\"ninja_forms_field_3\" class=\"ninja-forms-field  ninja-forms-req\" rel=\"3\" data-input-limit=\"\" data-input-limit-type=\"char\" data-input-limit-msg=\"\"><\/textarea>\n\t\t\t<div id=\"ninja_forms_field_3_error\" style=\"display:none;\" class=\"ninja-forms-field-error\">\n\t\t<\/div>\n\t\t\t\t\t\t\t<\/div>\n\t\t\t\t\t\t\t\t\t\t\t\t<div class=\"field-wrap submit-wrap label-above sendBtn-wrap\"  id=\"ninja_forms_field_5_div_wrap\" data-visible=\"1\">\n\t\t\t\t\t\t\t<input type=\"hidden\" id=\"ninja_forms_field_5_type\" value=\"submit\">\n\t<div id=\"nf_submit_1\">\n\t\t<input type=\"submit\" name=\"_ninja_forms_field_5\" class=\"ninja-forms-field  sendBtn\" id=\"ninja_forms_field_5\" value=\"Enviar Mensaje\" rel=\"5\" >\n\t<\/div>\n\t<div id=\"nf_processing_1\" style=\"display:none;\">\n\t\t<input type=\"submit\" name=\"_ninja_forms_field_5\" class=\"ninja-forms-field  sendBtn\" id=\"ninja_forms_field_5\" value=\"Processing\" rel=\"5\" disabled>\n\t<\/div>\n\t\t<div id=\"ninja_forms_field_5_error\" style=\"display:none;\" class=\"ninja-forms-field-error\">\n\t\t<\/div>\n\t\t\t\t\t\t\t<\/div>\n\t\t\t\t\t\t\t<\/div>\n\t\t<\/form>\n\t\t<\/div>\n\t\t<\/div>\n\t\n<p>&nbsp;<\/p>\n<h1 style=\"text-align: center;\">Visite Nuestras Sucursales<\/h1>\n<div class=\"col-sm-6\">\n<\/div>\n<\/div>\n<div id=\"sucs\" class=\"col-sm-6\">\n<h3>Sucursales:<\/h3>\n<div id=\"suc-angeles\">Urb. Industrial Los \u00c1ngeles<br \/>\nTel\u00e9fono: (507) 279-8300<br \/>\nFax: (507) 260-6921<\/div>\n<div id=\"suc-tocumen\">V\u00eda Tocumen, La Riviera<br \/>\nTel\u00e9fono: (507) 279-8330<br \/>\nFax: (507) 266-7944<\/div>\n<\/div>\n","protected":false},"excerpt":{"rendered":"<p>miner gate Gracias por visitar nuestra pagina web. Si tiene alg\u00fan comentario, sugerencia, cotizaci\u00f3n o desea contactarnos, llene el siguiente formulario: &nbsp; Visite Nuestras Sucursales Sucursales: Urb. Industrial Los \u00c1ngeles Tel\u00e9fono: (507) 279-8300 Fax: (507) 260-6921 V\u00eda Tocumen, La Riviera Tel\u00e9fono: (507) 279-8330 Fax: (507) 266-7944<\/p>\n","protected":false},"author":1,"featured_media":0,"parent":0,"menu_order":0,"comment_status":"open","ping_status":"open","template":"","meta":[],"_links":{"self":[{"href":"http:\/\/www.agenciasdomingo.com\/index.php\/wp-json\/wp\/v2\/pages\/15"}],"collection":[{"href":"http:\/\/www.agenciasdomingo.com\/index.php\/wp-json\/wp\/v2\/pages"}],"about":[{"href":"http:\/\/www.agenciasdomingo.com\/index.php\/wp-json\/wp\/v2\/types\/page"}],"author":[{"embeddable":true,"href":"http:\/\/www.agenciasdomingo.com\/index.php\/wp-json\/wp\/v2\/users\/1"}],"replies":[{"embeddable":true,"href":"http:\/\/www.agenciasdomingo.com\/index.php\/wp-json\/wp\/v2\/comments?post=15"}],"version-history":[{"count":15,"href":"http:\/\/www.agenciasdomingo.com\/index.php\/wp-json\/wp\/v2\/pages\/15\/revisions"}],"predecessor-version":[{"id":5169,"href":"http:\/\/www.agenciasdomingo.com\/index.php\/wp-json\/wp\/v2\/pages\/15\/revisions\/5169"}],"wp:attachment":[{"href":"http:\/\/www.agenciasdomingo.com\/index.php\/wp-json\/wp\/v2\/media?parent=15"}],"curies":[{"name":"wp","href":"https:\/\/api.w.org\/{rel}","templated":true}]}}